{"id":53615,"date":"2019-10-04T05:55:22","date_gmt":"2019-10-04T05:55:22","guid":{"rendered":"https:\/\/www.azureazure.com\/?page_id=53615"},"modified":"2019-12-19T15:52:45","modified_gmt":"2019-12-19T20:52:45","slug":"about","status":"publish","type":"page","link":"https:\/\/www.azureazure.com\/es\/about\/","title":{"rendered":"Qui\u00e9nes somos"},"content":{"rendered":"<div class=\"wpb-content-wrapper\"><p>[vc_row el_id=\u00bbluxury_lifestyle\u00bb css=\u00bb.vc_custom_1567085776721{padding-top: 50px !important;padding-bottom: 15px !important;}\u00bb][vc_column][vc_column_text css=\u00bb.vc_custom_1573927863139{margin-bottom: 5px !important;}\u00bb el_id=\u00bbheading_block\u00bb]<\/p>\n<p class=\"small-title\" style=\"text-align: center;\">\u00bfQU\u00c9 ES AZUREAZURE?<\/p>\n<h2 class=\"big-title\" style=\"text-align: center;\">Una revista digital especializada en lujo y en el estilo de vida de sus consumidores<\/h2>\n<p style=\"text-align: center;\">Azureazure.com es una revista digital biling\u00fce de ultra lujo que ofrece las \u00faltimas noticias, servicios, lanzamientos, acontecimientos, rese\u00f1as e informaci\u00f3n sobre \u2013 y para- la jet set internacional, combinando la elegancia visual y el estilo de las mejores revistas de lujo del mundo con la seriedad del contenido de los m\u00e1s respetados peri\u00f3dicos internacionales. Por eso, azureazure.com es, sin lugar a dudas, el mejor veh\u00edculo promocional para aquellas marcas, compa\u00f1\u00edas e instituciones de lujo que desean darse a conocer entre las m\u00e1s altas esferas de la sociedad mundial y atraer ese p\u00fablico privilegiado hacia ellas.<\/p>\n<p>[\/vc_column_text][vc_row_inner el_class=\u00bbluxury-imgblock\u00bb css=\u00bb.vc_custom_1567143715798{padding-top: 40px !important;}\u00bb][vc_column_inner width=\u00bb1\/3&#8243;][vc_single_image image=\u00bb30415&#8243; img_size=\u00bbfull\u00bb alignment=\u00bbcenter\u00bb][vc_column_text el_class=\u00bbtext-content\u00bb]<\/p>\n<h3>Descubre lo mejor que el mundo del lujo te ofrece<\/h3>\n<p>Encuentra una amplia y cuidada variedad de informaci\u00f3n que invita a disfrutar de lo m\u00e1s exclusivo y lujoso del mundo en cada plano de la vida. En azureazure hallar\u00e1s desde todo lo relacionado con viajes a lugares excepcionales., las mejores subastas, lo \u00faltimo en joyas y relojes de lujo., y los autos, barcos y aviones m\u00e1s codiciados del mundo., hasta gu\u00edas de regalos para deslumbrar y lo \u00faltimo en moda de Alta Costura\u2026[\/vc_column_text][\/vc_column_inner][vc_column_inner width=\u00bb1\/3&#8243;][vc_single_image image=\u00bb30413&#8243; img_size=\u00bbfull\u00bb alignment=\u00bbcenter\u00bb][vc_column_text el_class=\u00bbtext-content\u00bb]<\/p>\n<h3>Dale rienda suelta a tus sue\u00f1os<\/h3>\n<p>Sum\u00e9rgete en el estilo de vida privilegiado en el que se inspira azureazure.com y d\u00e9jate conquistar por las experiencias \u00fanicas, los impresionantes lugares, los productos s\u00faper exclusivos o las sorprendentes personalidades que te traemos en nuestros art\u00edculos. Todos ellos te van a inspirar, hacerte so\u00f1ar o sorprender. Encuentra esos antojos o caprichos, siempre dif\u00edciles de encontrar, y descubre todos sus secretos y la mejor manera de hacerlos tuyos. \u00a1Bienvenidos![\/vc_column_text][\/vc_column_inner][vc_column_inner width=\u00bb1\/3&#8243;][vc_single_image image=\u00bb30411&#8243; img_size=\u00bbfull\u00bb alignment=\u00bbcenter\u00bb][vc_column_text el_class=\u00bbtext-content\u00bb]<\/p>\n<h3>S\u00f3lo para los expertos en lujo m\u00e1s exigentes<\/h3>\n<p>Azureazure abarca todos los aspectos y pasiones de aquellos que viven en la c\u00faspide de la sociedad internacional. Es por eso que en nuestras p\u00e1ginas s\u00f3lo podr\u00e1s leer y descubrir lo mejor de los mejor en un abanico de temas y secciones: viajes y experiencia extraordinarias, joyas geogr\u00e1ficas y gastron\u00f3micas accesibles tan s\u00f3lo para un pu\u00f1ado de afortunados; restaurantes premiados y hoteles de ensue\u00f1o alrededor del mundo; colecciones \u00fanicas de arte y rese\u00f1as exclusivas; moda, joyas y accesorios que son la imagen perfecta de la clase y el estilo; tecnolog\u00eda de punta, autos de colecci\u00f3n, yates y jets que tan s\u00f3lo un buen conocedor en la materia es capaz de valorar; fiestas a las que s\u00f3lo son invitados los miembros de la elite social internacional; tratamientos de belleza, de salud o de rejuvenecimiento de \u00faltima generaci\u00f3n; dise\u00f1os arquitect\u00f3nicos, casas y decoraci\u00f3n para quienes no escatiman cuando se trata de encontrar la m\u00e1s alta calidad; filantrop\u00edas que existen gracias al apoyo y generosidad de estos expertos, y entrevistas con muchos de ellos.[\/vc_column_text][\/vc_column_inner][\/vc_row_inner][\/vc_column][\/vc_row][vc_row full_width=\u00bbstretch_row\u00bb content_placement=\u00bbmiddle\u00bb el_id=\u00bbluxury_experts\u00bb css=\u00bb.vc_custom_1567165790793{padding-top: 35px !important;padding-bottom: 35px !important;background-color: #f4f5f6 !important;}\u00bb][vc_column width=\u00bb1\/12&#8243;][\/vc_column][vc_column width=\u00bb5\/6&#8243;][vc_row_inner rtl_reverse=\u00bbyes\u00bb content_placement=\u00bbmiddle\u00bb el_class=\u00bbrow-reverse\u00bb][vc_column_inner width=\u00bb5\/12&#8243;][vc_single_image image=\u00bb30420&#8243; img_size=\u00bbfull\u00bb alignment=\u00bbcenter\u00bb][\/vc_column_inner][vc_column_inner width=\u00bb7\/12&#8243; css=\u00bb.vc_custom_1567154376607{padding-left: 20px !important;}\u00bb][vc_column_text css=\u00bb.vc_custom_1573920243282{margin-bottom: 5px !important;}\u00bb el_id=\u00bbheading_block\u00bb]<\/p>\n<p class=\"small-title\"><a href=\"https:\/\/www.azureazure.com\/es\/our-team\/\">\u00bfQUIENES SOMOS?<\/a><\/p>\n<h2 class=\"big-title\" style=\"margin: 0;\">Un equipo internacional de periodistas y expertos en lujo<\/h2>\n<p>&nbsp;<\/p>\n<p>Conoce al equipo responsable de crear y contribuir a azureazure.com. Desde Alfredo Zingg, presidente y fundador de azureazure., Ana Remos, vicepresidenta, directora editorial y fundadora., y los jefes de redacci\u00f3n en ingl\u00e9s y espa\u00f1ol, Katya Maruri y Laura Rivera., hasta nuestros incre\u00edbles colaboradores. Nos enorgullecemos de ofrecer una atractiva selecci\u00f3n de noticias, servicios, rese\u00f1as e informaci\u00f3n privilegiada de la \u00e9lite mundial y todo lo relacionado con el lujo. Obt\u00e9n m\u00e1s informaci\u00f3n sobre nuestro <a href=\"https:\/\/www.azureazure.com\/es\/our-team\/\">equipo de trabajo aqu\u00ed.<\/a>[\/vc_column_text]<style type=\"text\/css\" data-type=\"the7_shortcodes-inline-css\">#default-btn-75b985cc11f2d016bf0d4b24d1bbbadc {\n  border-radius: 0px;\n  font-size: 16px;\n  line-height: 18px;\n}\n.btn-shadow#default-btn-75b985cc11f2d016bf0d4b24d1bbbadc {\n  box-shadow: 0 1px 6px rgba(0,0,0,0.12);\n  transition: box-shadow 0.2s ease-out, opacity 0.45s;\n}\n.btn-shadow#default-btn-75b985cc11f2d016bf0d4b24d1bbbadc:hover {\n  box-shadow: 0 5px 11px 0 rgba(0,0,0,0.18), 0 4px 15px 0 rgba(0,0,0,0.15);\n}\n.btn-flat#default-btn-75b985cc11f2d016bf0d4b24d1bbbadc {\n  box-shadow: none;\n}\n.btn-flat#default-btn-75b985cc11f2d016bf0d4b24d1bbbadc:hover {\n  box-shadow: none;\n}\n#default-btn-75b985cc11f2d016bf0d4b24d1bbbadc.ico-right-side > i {\n  margin-right: 0px;\n  margin-left: 8px;\n}\n#default-btn-75b985cc11f2d016bf0d4b24d1bbbadc > i {\n  margin-right: 8px;\n  font-size: 10px;\n}\n#default-btn-75b985cc11f2d016bf0d4b24d1bbbadc:not(:hover) {\n  border-width: 0px;\n  color: #393d40;\n  background: none !important;\n  padding: 0px 0px 0px 0px;\n}\n#default-btn-75b985cc11f2d016bf0d4b24d1bbbadc:not(:hover) * {\n  color: #393d40;\n}\n#default-btn-75b985cc11f2d016bf0d4b24d1bbbadc:hover {\n  border-width: 0px;\n  color: #393d40;\n  background: none !important;\n  padding: 0px 0px 0px 0px;\n}\n#default-btn-75b985cc11f2d016bf0d4b24d1bbbadc:hover * {\n  color: #393d40;\n}\n#default-btn-75b985cc11f2d016bf0d4b24d1bbbadc.ico-right-side > i {\n  margin-right: 0px;\n  margin-left: 8px;\n}\n#default-btn-75b985cc11f2d016bf0d4b24d1bbbadc > i {\n  margin-right: 8px;\n}<\/style><div class=\"btn-align-left\"><a href=\"https:\/\/azureazure.mystagingwebsite.com\/es\/our-team\/\" class=\"default-btn-shortcode dt-btn link-hover-off ico-right-side button_with_icon btn-flat  vc_custom_1573920359048\" id=\"default-btn-75b985cc11f2d016bf0d4b24d1bbbadc\"><span>Conoce a nuestro equipo<\/span><i class=\"fas fa-chevron-right\"><\/i><\/a><\/div>[\/vc_column_inner][\/vc_row_inner][\/vc_column][vc_column width=\u00bb1\/12&#8243;][\/vc_column][\/vc_row][vc_row el_id=\u00bbinsta-block\u00bb css=\u00bb.vc_custom_1567154466914{padding-top: 50px !important;}\u00bb][vc_column][vc_column_text el_id=\u00bbheading_block\u00bb css=\u00bb.vc_custom_1573578174996{margin-bottom: 0px !important;}\u00bb]<\/p>\n<h2 class=\"big-title\" style=\"text-align: center;\">Descubre nuevas formas de definir el lujo con nosotros.<\/h2>\n<p>[\/vc_column_text][vc_column_text]\n<div id=\"sb_instagram\"  class=\"sbi sbi_mob_col_1 sbi_tab_col_2 sbi_col_3\" style=\"padding-bottom: 14px; width: 100%;\"\t data-feedid=\"sbi_17841400514943215#3\"  data-res=\"auto\" data-cols=\"3\" data-colsmobile=\"1\" data-colstablet=\"2\" data-num=\"3\" data-nummobile=\"\" data-item-padding=\"7\"\t data-shortcode-atts=\"{&quot;num&quot;:&quot;3&quot;,&quot;cols&quot;:&quot;3&quot;,&quot;showfollow&quot;:&quot;true&quot;,&quot;cachetime&quot;:30}\"  data-postid=\"53615\" data-locatornonce=\"253aaa1406\" data-imageaspectratio=\"1:1\" data-sbi-flags=\"favorLocal\">\n\t\n\t<div id=\"sbi_images\"  style=\"gap: 14px;\">\n\t\t\t<\/div>\n\n\t<div id=\"sbi_load\" >\n\n\t\n\t\t\t<span class=\"sbi_follow_btn sbi_custom\" >\n\t\t\t<a target=\"_blank\"\n\t\t\t\trel=\"nofollow noopener\"  href=\"https:\/\/www.instagram.com\/17841400514943215\/\" style=\"background: rgb(104,104,104);color: rgb(151,163,170);\">\n\t\t\t\t<svg class=\"svg-inline--fa fa-instagram fa-w-14\" aria-hidden=\"true\" data-fa-processed=\"\" aria-label=\"Instagram\" data-prefix=\"fab\" data-icon=\"instagram\" role=\"img\" viewBox=\"0 0 448 512\">\n                    <path fill=\"currentColor\" d=\"M224.1 141c-63.6 0-114.9 51.3-114.9 114.9s51.3 114.9 114.9 114.9S339 319.5 339 255.9 287.7 141 224.1 141zm0 189.6c-41.1 0-74.7-33.5-74.7-74.7s33.5-74.7 74.7-74.7 74.7 33.5 74.7 74.7-33.6 74.7-74.7 74.7zm146.4-194.3c0 14.9-12 26.8-26.8 26.8-14.9 0-26.8-12-26.8-26.8s12-26.8 26.8-26.8 26.8 12 26.8 26.8zm76.1 27.2c-1.7-35.9-9.9-67.7-36.2-93.9-26.2-26.2-58-34.4-93.9-36.2-37-2.1-147.9-2.1-184.9 0-35.8 1.7-67.6 9.9-93.9 36.1s-34.4 58-36.2 93.9c-2.1 37-2.1 147.9 0 184.9 1.7 35.9 9.9 67.7 36.2 93.9s58 34.4 93.9 36.2c37 2.1 147.9 2.1 184.9 0 35.9-1.7 67.7-9.9 93.9-36.2 26.2-26.2 34.4-58 36.2-93.9 2.1-37 2.1-147.8 0-184.8zM398.8 388c-7.8 19.6-22.9 34.7-42.6 42.6-29.5 11.7-99.5 9-132.1 9s-102.7 2.6-132.1-9c-19.6-7.8-34.7-22.9-42.6-42.6-11.7-29.5-9-99.5-9-132.1s-2.6-102.7 9-132.1c7.8-19.6 22.9-34.7 42.6-42.6 29.5-11.7 99.5-9 132.1-9s102.7-2.6 132.1 9c19.6 7.8 34.7 22.9 42.6 42.6 11.7 29.5 9 99.5 9 132.1s2.7 102.7-9 132.1z\"><\/path>\n                <\/svg>\t\t\t\t<span>S\u00cdGUENOS EN<\/span>\n\t\t\t<\/a>\n\t\t<\/span>\n\t\n<\/div>\n\t\t<span class=\"sbi_resized_image_data\" data-feed-id=\"sbi_17841400514943215#3\"\n\t\t  data-resized=\"[]\">\n\t<\/span>\n\t<\/div>\n\n[\/vc_column_text][\/vc_column][\/vc_row]<\/p>\n<\/div>","protected":false},"excerpt":{"rendered":"<p>[vc_row el_id=\u00bbluxury_lifestyle\u00bb css=\u00bb.vc_custom_1567085776721{padding-top: 50px !important;padding-bottom: 15px !important;}\u00bb][vc_column][vc_column_text css=\u00bb.vc_custom_1573927863139{margin-bottom: 5px !important;}\u00bb el_id=\u00bbheading_block\u00bb] \u00bfQU\u00c9 ES AZUREAZURE? Una revista digital especializada en lujo y en el estilo de vida de sus consumidores Azureazure.com es una revista digital biling\u00fce de ultra lujo que ofrece las \u00faltimas noticias, servicios, lanzamientos, acontecimientos, rese\u00f1as e informaci\u00f3n sobre \u2013 y para- la jet&hellip;<\/p>\n","protected":false},"author":1,"featured_media":0,"parent":0,"menu_order":0,"comment_status":"closed","ping_status":"closed","template":"","meta":{"_acf_changed":false,"_exactmetrics_skip_tracking":false,"_exactmetrics_sitenote_active":false,"_exactmetrics_sitenote_note":"","_exactmetrics_sitenote_category":0,"footnotes":""},"class_list":["post-53615","page","type-page","status-publish","hentry","description-off"],"acf":[],"yoast_head":"<!-- This site is optimized with the Yoast SEO Premium plugin v27.4 (Yoast SEO v27.4) - https:\/\/yoast.com\/product\/yoast-seo-premium-wordpress\/ -->\n<title>Qui\u00e9nes somos - AzureAzure.com<\/title>\n<meta name=\"robots\" content=\"index, follow, max-snippet:-1, max-image-preview:large, max-video-preview:-1\" \/>\n<link rel=\"canonical\" href=\"https:\/\/www.azureazure.com\/es\/about\/\" \/>\n<meta property=\"og:locale\" content=\"es_ES\" \/>\n<meta property=\"og:type\" content=\"article\" \/>\n<meta property=\"og:title\" content=\"Qui\u00e9nes somos\" \/>\n<meta property=\"og:description\" content=\"[vc_row el_id=\u00bbluxury_lifestyle\u00bb css=\u00bb.vc_custom_1567085776721{padding-top: 50px !important;padding-bottom: 15px !important;}\u00bb][vc_column][vc_column_text css=\u00bb.vc_custom_1573927863139{margin-bottom: 5px !important;}\u00bb el_id=\u00bbheading_block\u00bb] \u00bfQU\u00c9 ES AZUREAZURE? Una revista digital especializada en lujo y en el estilo de vida de sus consumidores Azureazure.com es una revista digital biling\u00fce de ultra lujo que ofrece las \u00faltimas noticias, servicios, lanzamientos, acontecimientos, rese\u00f1as e informaci\u00f3n sobre \u2013 y para- la jet&hellip;\" \/>\n<meta property=\"og:url\" content=\"https:\/\/www.azureazure.com\/es\/about\/\" \/>\n<meta property=\"og:site_name\" content=\"AzureAzure.com\" \/>\n<meta property=\"article:modified_time\" content=\"2019-12-19T20:52:45+00:00\" \/>\n<meta name=\"twitter:card\" content=\"summary_large_image\" \/>\n<meta name=\"twitter:label1\" content=\"Tiempo de lectura\" \/>\n\t<meta name=\"twitter:data1\" content=\"5 minutos\" \/>\n<script type=\"application\/ld+json\" class=\"yoast-schema-graph\">{\"@context\":\"https:\\\/\\\/schema.org\",\"@graph\":[{\"@type\":\"WebPage\",\"@id\":\"https:\\\/\\\/www.azureazure.com\\\/es\\\/about\\\/\",\"url\":\"https:\\\/\\\/www.azureazure.com\\\/es\\\/about\\\/\",\"name\":\"Qui\u00e9nes somos - AzureAzure.com\",\"isPartOf\":{\"@id\":\"https:\\\/\\\/www.azureazure.com\\\/es\\\/#website\"},\"datePublished\":\"2019-10-04T05:55:22+00:00\",\"dateModified\":\"2019-12-19T20:52:45+00:00\",\"breadcrumb\":{\"@id\":\"https:\\\/\\\/www.azureazure.com\\\/es\\\/about\\\/#breadcrumb\"},\"inLanguage\":\"es\",\"potentialAction\":[{\"@type\":\"ReadAction\",\"target\":[\"https:\\\/\\\/www.azureazure.com\\\/es\\\/about\\\/\"]}]},{\"@type\":\"BreadcrumbList\",\"@id\":\"https:\\\/\\\/www.azureazure.com\\\/es\\\/about\\\/#breadcrumb\",\"itemListElement\":[{\"@type\":\"ListItem\",\"position\":1,\"name\":\"Home\",\"item\":\"https:\\\/\\\/www.azureazure.com\\\/es\\\/\"},{\"@type\":\"ListItem\",\"position\":2,\"name\":\"Qui\u00e9nes somos\"}]},{\"@type\":\"WebSite\",\"@id\":\"https:\\\/\\\/www.azureazure.com\\\/es\\\/#website\",\"url\":\"https:\\\/\\\/www.azureazure.com\\\/es\\\/\",\"name\":\"AzureAzure.com\",\"description\":\"Luxury Global Magazine\",\"potentialAction\":[{\"@type\":\"SearchAction\",\"target\":{\"@type\":\"EntryPoint\",\"urlTemplate\":\"https:\\\/\\\/www.azureazure.com\\\/es\\\/?s={search_term_string}\"},\"query-input\":{\"@type\":\"PropertyValueSpecification\",\"valueRequired\":true,\"valueName\":\"search_term_string\"}}],\"inLanguage\":\"es\"}]}<\/script>\n<!-- \/ Yoast SEO Premium plugin. -->","yoast_head_json":{"title":"Qui\u00e9nes somos - AzureAzure.com","robots":{"index":"index","follow":"follow","max-snippet":"max-snippet:-1","max-image-preview":"max-image-preview:large","max-video-preview":"max-video-preview:-1"},"canonical":"https:\/\/www.azureazure.com\/es\/about\/","og_locale":"es_ES","og_type":"article","og_title":"Qui\u00e9nes somos","og_description":"[vc_row el_id=\u00bbluxury_lifestyle\u00bb css=\u00bb.vc_custom_1567085776721{padding-top: 50px !important;padding-bottom: 15px !important;}\u00bb][vc_column][vc_column_text css=\u00bb.vc_custom_1573927863139{margin-bottom: 5px !important;}\u00bb el_id=\u00bbheading_block\u00bb] \u00bfQU\u00c9 ES AZUREAZURE? Una revista digital especializada en lujo y en el estilo de vida de sus consumidores Azureazure.com es una revista digital biling\u00fce de ultra lujo que ofrece las \u00faltimas noticias, servicios, lanzamientos, acontecimientos, rese\u00f1as e informaci\u00f3n sobre \u2013 y para- la jet&hellip;","og_url":"https:\/\/www.azureazure.com\/es\/about\/","og_site_name":"AzureAzure.com","article_modified_time":"2019-12-19T20:52:45+00:00","twitter_card":"summary_large_image","twitter_misc":{"Tiempo de lectura":"5 minutos"},"schema":{"@context":"https:\/\/schema.org","@graph":[{"@type":"WebPage","@id":"https:\/\/www.azureazure.com\/es\/about\/","url":"https:\/\/www.azureazure.com\/es\/about\/","name":"Qui\u00e9nes somos - AzureAzure.com","isPartOf":{"@id":"https:\/\/www.azureazure.com\/es\/#website"},"datePublished":"2019-10-04T05:55:22+00:00","dateModified":"2019-12-19T20:52:45+00:00","breadcrumb":{"@id":"https:\/\/www.azureazure.com\/es\/about\/#breadcrumb"},"inLanguage":"es","potentialAction":[{"@type":"ReadAction","target":["https:\/\/www.azureazure.com\/es\/about\/"]}]},{"@type":"BreadcrumbList","@id":"https:\/\/www.azureazure.com\/es\/about\/#breadcrumb","itemListElement":[{"@type":"ListItem","position":1,"name":"Home","item":"https:\/\/www.azureazure.com\/es\/"},{"@type":"ListItem","position":2,"name":"Qui\u00e9nes somos"}]},{"@type":"WebSite","@id":"https:\/\/www.azureazure.com\/es\/#website","url":"https:\/\/www.azureazure.com\/es\/","name":"AzureAzure.com","description":"Luxury Global Magazine","potentialAction":[{"@type":"SearchAction","target":{"@type":"EntryPoint","urlTemplate":"https:\/\/www.azureazure.com\/es\/?s={search_term_string}"},"query-input":{"@type":"PropertyValueSpecification","valueRequired":true,"valueName":"search_term_string"}}],"inLanguage":"es"}]}},"_links":{"self":[{"href":"https:\/\/www.azureazure.com\/es\/wp-json\/wp\/v2\/pages\/53615","targetHints":{"allow":["GET"]}}],"collection":[{"href":"https:\/\/www.azureazure.com\/es\/wp-json\/wp\/v2\/pages"}],"about":[{"href":"https:\/\/www.azureazure.com\/es\/wp-json\/wp\/v2\/types\/page"}],"author":[{"embeddable":true,"href":"https:\/\/www.azureazure.com\/es\/wp-json\/wp\/v2\/users\/1"}],"replies":[{"embeddable":true,"href":"https:\/\/www.azureazure.com\/es\/wp-json\/wp\/v2\/comments?post=53615"}],"version-history":[{"count":0,"href":"https:\/\/www.azureazure.com\/es\/wp-json\/wp\/v2\/pages\/53615\/revisions"}],"wp:attachment":[{"href":"https:\/\/www.azureazure.com\/es\/wp-json\/wp\/v2\/media?parent=53615"}],"curies":[{"name":"wp","href":"https:\/\/api.w.org\/{rel}","templated":true}]}}